{"id":1539,"date":"2023-05-02T13:43:20","date_gmt":"2023-05-02T13:43:20","guid":{"rendered":"https:\/\/help.a-z.lu\/mentions-legales\/"},"modified":"2023-09-27T08:53:40","modified_gmt":"2023-09-27T08:53:40","slug":"mentions-legales","status":"publish","type":"page","link":"https:\/\/help.a-z.lu\/fr\/mentions-legales\/","title":{"rendered":"Mentions l\u00e9gales"},"content":{"rendered":"\n<h2 class=\"wp-block-heading\">Conditions g\u00e9n\u00e9rales d\u2019utilisation (CGU) du site<\/h2>\n\n<p>Ce site web est publi\u00e9 par la Biblioth\u00e8que nationale du Luxembourg (BnL) et par le r\u00e9seau des biblioth\u00e8ques luxembourgeoises bibnet.lu, ci-dessous d\u00e9sign\u00e9s l\u2019\u00ab Organisme \u00bb.Toute personne faisant usage des informations, documents, produits, logiciels et divers services (collectivement les \u00ab Services \u00bb) propos\u00e9s par ce site est r\u00e9put\u00e9e avoir pris connaissance et accept\u00e9 l&rsquo;int\u00e9gralit\u00e9 des termes et mentions des pr\u00e9sentes conditions g\u00e9n\u00e9rales d&rsquo;utilisation.<\/p>\n\n<h2 class=\"wp-block-heading\">Obligations de l\u2019usager<\/h2>\n\n<p>L\u2019acc\u00e8s au site se fait par Internet. L\u2019usager d\u00e9clare en conna\u00eetre les risques et les accepter. Il doit se pr\u00e9munir contre les effets de la piraterie informatique en adoptant une configuration informatique adapt\u00e9e et s\u00e9curis\u00e9e.<\/p>\n\n<p>L\u2019Etat du Grand-Duch\u00e9 de Luxembourg ne saurait \u00eatre tenu pour responsable d\u2019un quelconque dommage que l\u2019usager subirait directement ou indirectement en relation avec sa navigation sur ce site et l\u2019utilisation de ses services ainsi que les sites Internet auxquels il renvoie.<\/p>\n\n<p>L\u2019utilisation du site est gratuite.<\/p>\n\n<h2 class=\"wp-block-heading\">Gestion des cookies<\/h2>\n\n<p>Ce site utilise des cookies clients, des petits fichiers texte permettant d\u2019analyser les informations relatives \u00e0 la navigation de l\u2019utilisateur (fr\u00e9quences des visites, dur\u00e9e des visites, pages consult\u00e9es, etc.).<\/p>\n\n<p>Ils sont d\u00e9pos\u00e9s par le site dans un r\u00e9pertoire pr\u00e9vu \u00e0 cet effet sur l\u2019ordinateur de l\u2019utilisateur. Ils contiennent notamment le nom du serveur qui l\u2019a \u00e9crit, un identifiant sous forme de num\u00e9ro unique et une date d\u2019expiration. L\u2019identifiant unique permet au site de reconna\u00eetre l\u2019ordinateur de l\u2019utilisateur \u00e0 chaque visite. Les cookies de session sont supprim\u00e9s de l\u2019ordinateur de l\u2019utilisateur lorsque sa session est ferm\u00e9e. Toutefois les cookies persistants restent sur l\u2019ordinateur de l\u2019utilisateur 1 mois apr\u00e8s la fin de la session.<\/p>\n\n<p>L\u2019utilisateur peut lui-m\u00eame d\u00e9cider si le serveur web de ce site est autoris\u00e9 ou non \u00e0 m\u00e9moriser des cookies sur son ordinateur. Il a, \u00e0 tout moment, le choix de r\u00e9gler les options de son navigateur afin que les cookies ne soient accept\u00e9s et m\u00e9moris\u00e9s. Par ailleurs, il peut, \u00e0 tout moment, effacer, via le navigateur, des cookies d\u00e9j\u00e0 m\u00e9moris\u00e9s (voir la Charte des cookies).<\/p>\n\n<p>L\u2019utilisation de certaines fonctionnalit\u00e9s du site peut \u00eatre limit\u00e9e ou d\u00e9sactiv\u00e9e si l\u2019utilisateur refuse les cookies du site. Il est d\u00e8s lors recommand\u00e9 \u00e0 l\u2019utilisateur de r\u00e9gler son navigateur de mani\u00e8re \u00e0 ce que les cookies du site soient accept\u00e9s.<\/p>\n\n<h2 class=\"wp-block-heading\">Modification du site<\/h2>\n\n<p>L\u2019Etat du Grand-Duch\u00e9 de Luxembourg se r\u00e9serve la libert\u00e9 de faire \u00e9voluer, de modifier ou de suspendre, sans pr\u00e9avis, ce site pour des raisons de maintenance, de mise \u00e0 jour ou pour tout autre motif jug\u00e9 n\u00e9cessaire.<\/p>\n\n<p>L\u2019Etat du Grand-Duch\u00e9 de Luxembourg pourra notamment \u00e0 tout moment retirer, ajouter, compl\u00e9ter ou pr\u00e9ciser tout ou une partie des informations et services contenus ou propos\u00e9s sur le site. Aucune responsabilit\u00e9 pour un quelconque dommage direct ou indirect en relation avec de telles modifications ne pourra \u00eatre retenue \u00e0 l\u2019encontre de L\u2019Etat du Grand-Duch\u00e9 de Luxembourg.<\/p>\n\n<h2 class=\"wp-block-heading\">Limitations g\u00e9n\u00e9rales de responsabilit\u00e9<\/h2>\n\n<p>L\u2019Etat du Grand-Duch\u00e9 de Luxembourg assurera au mieux une disponibilit\u00e9 maximale de ce site. Toutefois, sa responsabilit\u00e9 ne saurait \u00eatre retenue en cas d\u2019indisponibilit\u00e9 momentan\u00e9e ou totale du site.<\/p>\n\n<p>L\u2019Etat du Grand-Duch\u00e9 de Luxembourg assurera au mieux la s\u00e9curit\u00e9 du syst\u00e8me informatique. Toutefois, sa responsabilit\u00e9 ne saurait \u00eatre retenue en cas d\u2019attaque du syst\u00e8me informatique ou d\u2019indisponibilit\u00e9 momentan\u00e9e ou totale du site.<\/p>\n\n<p>L\u2019Etat du Grand-Duch\u00e9 de Luxembourg assurera au mieux l\u2019exactitude des informations contenues sur le site, publi\u00e9es sur les r\u00e9seaux sociaux. Cependant, sa responsabilit\u00e9 ne saurait \u00eatre retenue notamment, en cas d\u2019omission de mise \u00e0 jour d\u2019une information ou d\u2019un formulaire, en cas d\u2019erreurs de manipulation du syst\u00e8me ou d\u2019encodage, d\u2019inexactitudes, de lacunes dans les informations fournies ou d\u2019\u00e9ventuelles erreurs, inexactitudes. En effet, l\u2019objectif est de diffuser des informations exactes et \u00e0 jour provenant de diverses sources mais l\u2019Etat du Grand-Duch\u00e9 de Luxembourg ne saurait toutefois \u00e9viter tout risque d\u2019erreur mat\u00e9rielle. Aucune des informations publi\u00e9es sur ce site n\u2019a une vocation d\u2019exhaustivit\u00e9 ou constitue un engagement de la part de l\u2019Etat du Grand-Duch\u00e9 de Luxembourg. Les vulgarisations et traductions sont propos\u00e9es \u00e0 titre informatif. Seuls font foi les textes l\u00e9gaux publi\u00e9s au M\u00e9morial (Journal Officiel du Grand-Duch\u00e9 de Luxembourg). Les informations qui figurent sur ce site sont de nature g\u00e9n\u00e9rale. Les informations ne sont pas adapt\u00e9es \u00e0 des circonstances personnelles ou sp\u00e9cifiques et ne peuvent donc pas \u00eatre consid\u00e9r\u00e9es comme des conseils personnels, professionnels ou juridiques \u00e0 l\u2019usager. Si l\u2019usager a besoin de conseils personnels ou sp\u00e9cifiques, il devra toujours consulter les services comp\u00e9tents au sein des diff\u00e9rentes administrations.<\/p>\n\n<h2 class=\"wp-block-heading\">Limite de responsabilit\u00e9 du site<\/h2>\n\n<p>La responsabilit\u00e9 de ce site est express\u00e9ment exclue pour toutes les cons\u00e9quences directes et indirectes :<\/p>\n\n<ul>\n<li>Du d\u00e9faut de compatibilit\u00e9 entre le service offert et les \u00e9quipements, applications, proc\u00e9dures ou infrastructures de l\u2019usager ou de tiers ;<\/li>\n\n\n\n<li>D\u2019une faille de s\u00e9curit\u00e9 provenant de l\u2019usager ou d\u2019un tiers et plus g\u00e9n\u00e9ralement, de toute faille de s\u00e9curit\u00e9 non directement imputable \u00e0 ce site ;<\/li>\n\n\n\n<li>Des cons\u00e9quences des erreurs et\/ou des fraudes commises par l\u2019usager ou un tiers ;<\/li>\n\n\n\n<li>D\u2019une \u00e9ventuelle indisponibilit\u00e9 ou d\u2019un mauvais fonctionnement des syst\u00e8mes ou r\u00e9seaux de communications \u00e9lectroniques.<\/li>\n<\/ul>\n\n<h2 class=\"wp-block-heading\">Liens vers sites li\u00e9s<\/h2>\n\n<p>Pour la convenance des usagers, ce site peut contenir des liens vers d\u2019autres sites qui peuvent leur \u00eatre utiles ou qui peuvent les int\u00e9resser. L\u2019Etat du Grand-Duch\u00e9 de Luxembourg et plus particuli\u00e8rement l\u2019Organisme ne contr\u00f4lent pas syst\u00e9matiquement le contenu de ces sites. Ils ne sauraient d\u00e8s lors \u00eatre tenus responsables des contenus pr\u00e9sent\u00e9s sur ces sites Internet et ce, que ce soit au niveau de leur l\u00e9galit\u00e9 ou de l\u2019exactitude des informations qui s\u2019y trouvent.<\/p>\n\n<h2 class=\"wp-block-heading\">Propri\u00e9t\u00e9 intellectuelle<\/h2>\n\n<p>Le site, tous ses \u00e9l\u00e9ments (y compris la mise en page) ainsi que les informations et Services, sont prot\u00e9g\u00e9s par les lois sur la propri\u00e9t\u00e9 intellectuelle et sur les droits d\u2019auteur.<\/p>\n\n<p>Sauf indication contraire, l\u2019Etat du Grand-Duch\u00e9 de Luxembourg n\u2019accorde aucune licence ou autorisation relative aux droits de propri\u00e9t\u00e9 intellectuelle qu\u2019il a sur ce site, ses \u00e9l\u00e9ments ou les Services. De plus, aucune reproduction des informations ou Services, totale ou partielle, sous quelque forme que ce soit et par quelque moyen que ce soit, n\u2019est permise sans l\u2019autorisation \u00e9crite pr\u00e9alable de la Biblioth\u00e8que nationale du Luxembourg.<\/p>\n\n<p>Sauf indication contraire, l\u2019usager est autoris\u00e9 \u00e0 consulter, t\u00e9l\u00e9charger et imprimer les documents et informations disponibles aux conditions suivantes :<\/p>\n\n<ul>\n<li>Les documents ne peuvent \u00eatre utilis\u00e9s qu\u2019\u00e0 titre personnel, pour information et dans un cadre strictement priv\u00e9 ;<\/li>\n\n\n\n<li>Les documents et informations ne peuvent \u00eatre modifi\u00e9s de quelque mani\u00e8re que ce soit ;<\/li>\n\n\n\n<li>Les documents et informations ne peuvent \u00eatre diffus\u00e9s en dehors du site.<\/li>\n\n\n\n<li>Les droits qui vous sont implicitement ou explicitement accord\u00e9s ci-dessus constituent une autorisation d\u2019utilisation et en aucun cas une cession de droits, de propri\u00e9t\u00e9 ou autre relatifs \u00e0 ce site.<\/li>\n<\/ul>\n\n<h2 class=\"wp-block-heading\">Modification des conditions g\u00e9n\u00e9rales d\u2019utilisation<\/h2>\n\n<p>Les pr\u00e9sentes conditions g\u00e9n\u00e9rales d\u2019utilisation pourront \u00eatre modifi\u00e9es ou compl\u00e9t\u00e9es \u00e0 tout moment, sans pr\u00e9avis, en fonction des modifications apport\u00e9es au site, de l\u2019\u00e9volution de la l\u00e9gislation ou pour tout autre motif jug\u00e9 n\u00e9cessaire. Il appartient \u00e0 l\u2019usager de s\u2019informer des conditions g\u00e9n\u00e9rales d\u2019utilisation du site, dont seule la version actualis\u00e9e accessible en ligne est r\u00e9put\u00e9e en vigueur. Il est possible qu\u2019entre deux utilisations du site, les conditions g\u00e9n\u00e9rales d\u2019utilisation particuli\u00e8res soient modifi\u00e9es et il appartient, d\u00e8s lors, \u00e0 l\u2019usager de bien lire ces derni\u00e8res avant chaque nouvelle utilisation.<\/p>\n\n<h2 class=\"wp-block-heading\">Loi applicable et juridictions comp\u00e9tentes<\/h2>\n\n<p>Tout litige relatif \u00e0 l\u2019utilisation de ce site et ses Services sera soumis \u00e0 la loi luxembourgeoise et sera de la comp\u00e9tence exclusive des juridictions du Grand-Duch\u00e9 de Luxembourg.<\/p>\n\n<h2 class=\"wp-block-heading\">Protection des donn\u00e9es \u00e0 caract\u00e8re personnel<\/h2>\n\n<h3 class=\"wp-block-heading\">G\u00e9n\u00e9ralit\u00e9s<\/h3>\n\n<p>Les donn\u00e9es \u00e0 caract\u00e8re personnel communiqu\u00e9es par l\u2019usager sont trait\u00e9es en conformit\u00e9 avec le R\u00e8glement (UE) 2016\/679 du Parlement europ\u00e9en et du Conseil du 27 avril 2016 relatif \u00e0 la protection des personnes physiques \u00e0 l\u2019\u00e9gard du traitement des donn\u00e9es \u00e0 caract\u00e8re personnel et \u00e0 la libre circulation des donn\u00e9es.<\/p>\n\n<p>L\u2019Etat du Grand-Duch\u00e9 de Luxembourg ne r\u00e9coltent pas de donn\u00e9es personnelles mis \u00e0 part les adresses IP dans les logs des serveurs web pour des questions de s\u00e9curit\u00e9, le consentement de l\u2019usager n\u2019est pas n\u00e9cessaire avant de visiter ce site.<\/p>\n\n<p>Le responsable de ces traitements est l\u2019Organisme responsable de ce site.<\/p>\n\n<p>L\u2019usager peut adresser des r\u00e9clamations relatives \u00e0 la protection des donn\u00e9es le concernant via les canaux de communication respectifs mis \u00e0 disposition ainsi qu\u2019aupr\u00e8s du responsable, en l\u2019occurrence l\u2019Organisme responsable de ce site. L\u2019usager peut, par ailleurs, d\u00e9poser sa r\u00e9clamation aupr\u00e8s du d\u00e9l\u00e9gu\u00e9 \u00e0 la protection des donn\u00e9es de l\u2019Organisme via l\u2019adresse e-mail suivante: <a href=\"mailto:dpo@bnl.etat.lu\">dpo@bnl.etat.lu<\/a>.<\/p>\n\n<p>L\u2019usager peut, en outre, s\u2019adresser \u00e0 la Commission nationale pour la protection des donn\u00e9es  ayant son si\u00e8ge \u00e0 15 Boulevard du Jazz, L-4370 Belvaux.<\/p>\n\n<h3 class=\"wp-block-heading\">Traitements li\u00e9s \u00e0 la mesure de l\u2019audience<\/h3>\n\n<p>Certaines donn\u00e9es relatives aux mat\u00e9riel et logiciel de l\u2019usager qui ne sont pas de nature \u00e0 l\u2019identifier sont collect\u00e9es lors de sa visite sur le site public. Cette collecte a pour seule finalit\u00e9 de disposer de statistiques de fr\u00e9quentation (type de navigateur, r\u00e9solution, localisation approximative, etc.) afin de servir au mieux les usagers.<\/p>\n\n<p>L\u2019adresse IP compl\u00e8te de l\u2019usager n\u2019est en aucun cas conserv\u00e9e. Une seule partie de l\u2019adresse IP \u00e9tant conserv\u00e9e afin d\u2019obtenir des statistiques globales et en aucun cas il est possible d\u2019identifier un usager.<\/p>\n\n<p>La dur\u00e9e de conservation de donn\u00e9es n\u2019exc\u00e8de pas celle n\u00e9cessaire pour observer l\u2019\u00e9volution des audiences en fonction de l\u2019\u00e9volution des navigateurs, r\u00e9solutions utilis\u00e9es, ou autres donn\u00e9es statistiques disponibles.<\/p>\n\n<p>Le responsable de ces traitements est l\u2019Organisme responsable de ce site.<\/p>\n","protected":false},"excerpt":{"rendered":"<p>Conditions g\u00e9n\u00e9rales d\u2019utilisation (CGU) du site Ce site web est publi\u00e9 par la Biblioth\u00e8que nationale du Luxembourg (BnL) et par le r\u00e9seau des biblioth\u00e8ques luxembourgeoises bibnet.lu, ci-dessous d\u00e9sign\u00e9s l\u2019\u00ab Organisme \u00bb.Toute personne faisant usage des informations, documents, produits, logiciels et divers services (collectivement les \u00ab Services \u00bb) propos\u00e9s par ce&#8230;<\/p>\n","protected":false},"author":7,"featured_media":0,"parent":0,"menu_order":0,"comment_status":"closed","ping_status":"open","template":"","meta":{"_eb_attr":"","footnotes":""},"_links":{"self":[{"href":"https:\/\/help.a-z.lu\/fr\/wp-json\/wp\/v2\/pages\/1539"}],"collection":[{"href":"https:\/\/help.a-z.lu\/fr\/wp-json\/wp\/v2\/pages"}],"about":[{"href":"https:\/\/help.a-z.lu\/fr\/wp-json\/wp\/v2\/types\/page"}],"author":[{"embeddable":true,"href":"https:\/\/help.a-z.lu\/fr\/wp-json\/wp\/v2\/users\/7"}],"replies":[{"embeddable":true,"href":"https:\/\/help.a-z.lu\/fr\/wp-json\/wp\/v2\/comments?post=1539"}],"version-history":[{"count":8,"href":"https:\/\/help.a-z.lu\/fr\/wp-json\/wp\/v2\/pages\/1539\/revisions"}],"predecessor-version":[{"id":1561,"href":"https:\/\/help.a-z.lu\/fr\/wp-json\/wp\/v2\/pages\/1539\/revisions\/1561"}],"wp:attachment":[{"href":"https:\/\/help.a-z.lu\/fr\/wp-json\/wp\/v2\/media?parent=1539"}],"curies":[{"name":"wp","href":"https:\/\/api.w.org\/{rel}","templated":true}]}}